{"id":2795,"date":"2019-04-27T08:45:15","date_gmt":"2019-04-27T06:45:15","guid":{"rendered":"https:\/\/hotel-minerva.hr\/pagina-di-esempio\/"},"modified":"2025-07-23T23:31:50","modified_gmt":"2025-07-23T21:31:50","slug":"pagina-di-esempio","status":"publish","type":"page","link":"https:\/\/hotel-minerva.hr\/it\/pagina-di-esempio\/","title":{"rendered":"Pagina di esempio"},"content":{"rendered":"\n<p>Questa \u00e8 una pagina di esempio. Si differenzia da un articolo del blog perch\u00e9 rimane sempre nello stesso posto e apparir\u00e0 nel menu del tuo sito web (nella maggior parte dei temi). La maggior parte delle persone inizia con una pagina \u201cChi sono\u201d che li presenta ai potenziali visitatori del sito web. Ad esempio, pu\u00f2 contenere:<\/p>\n\n<blockquote class=\"wp-block-quote is-layout-flow wp-block-quote-is-layout-flow\"><p>Ciao! Sono un corriere di giorno, un attore ispirato di notte e questo \u00e8 il mio sito web. Vivo a Vara\u017edin, ho un cane fantastico che si chiama Floki e amo la pi\u00f1a colada. (E a volte mi capita di essere sorpreso dalla pioggia senza ombrello.)<\/p><\/blockquote>\n\n<p>...o qualcosa del genere:<\/p>\n\n<blockquote class=\"wp-block-quote is-layout-flow wp-block-quote-is-layout-flow\"><p>La XYZ Doohickey \u00e8 stata fondata nel 1971 e da allora fornisce doohickey di qualit\u00e0 al pubblico. Situata nella citt\u00e0 di Gotham, la XYZ impiega pi\u00f9 di 2.000 persone e fa ogni genere di cose fantastiche per la comunit\u00e0 di Gotham.<\/p><\/blockquote>\n\n<p>Come nuovo utente WordPress, dovresti visitare <a href=\"http:\/\/hotel-minerva.hr\/wp-admin\/\">la bacheca<\/a> per eliminare questa pagina e creare nuove pagine per i tuoi contenuti. Divertiti!<\/p>\n","protected":false},"excerpt":{"rendered":"<p>Questa \u00e8 una pagina di esempio. Si differenzia da un articolo del blog perch\u00e9 rimane sempre nello stesso posto e apparir\u00e0 nel menu del tuo sito web (nella maggior parte dei temi). La maggior parte delle persone inizia con una  [...]<\/p>\n","protected":false},"author":4,"featured_media":0,"parent":0,"menu_order":0,"comment_status":"closed","ping_status":"open","template":"","meta":{"footnotes":""},"class_list":["post-2795","page","type-page","status-publish","hentry"],"_links":{"self":[{"href":"https:\/\/hotel-minerva.hr\/it\/wp-json\/wp\/v2\/pages\/2795","targetHints":{"allow":["GET"]}}],"collection":[{"href":"https:\/\/hotel-minerva.hr\/it\/wp-json\/wp\/v2\/pages"}],"about":[{"href":"https:\/\/hotel-minerva.hr\/it\/wp-json\/wp\/v2\/types\/page"}],"author":[{"embeddable":true,"href":"https:\/\/hotel-minerva.hr\/it\/wp-json\/wp\/v2\/users\/4"}],"replies":[{"embeddable":true,"href":"https:\/\/hotel-minerva.hr\/it\/wp-json\/wp\/v2\/comments?post=2795"}],"version-history":[{"count":1,"href":"https:\/\/hotel-minerva.hr\/it\/wp-json\/wp\/v2\/pages\/2795\/revisions"}],"predecessor-version":[{"id":2797,"href":"https:\/\/hotel-minerva.hr\/it\/wp-json\/wp\/v2\/pages\/2795\/revisions\/2797"}],"wp:attachment":[{"href":"https:\/\/hotel-minerva.hr\/it\/wp-json\/wp\/v2\/media?parent=2795"}],"curies":[{"name":"wp","href":"https:\/\/api.w.org\/{rel}","templated":true}]}}