{"id":2131,"date":"2019-04-27T08:45:15","date_gmt":"2019-04-27T06:45:15","guid":{"rendered":"https:\/\/hotel-minerva.hr\/pravila-privatnosti\/"},"modified":"2025-07-23T23:31:57","modified_gmt":"2025-07-23T21:31:57","slug":"informativa-sulla-privacy-hotel-minerva-medulin-croazia-istria-vacanze","status":"publish","type":"page","link":"https:\/\/hotel-minerva.hr\/it\/informativa-sulla-privacy-hotel-minerva-medulin-croazia-istria-vacanze\/","title":{"rendered":"Informativa sulla privacy"},"content":{"rendered":"&#13;\n<h1 class=\"wp-block-heading\">GDPR<\/h1>&#13;\n<h3>(Regolamento generale sulla protezione dei dati)<\/h3>&#13;\n<h3>Gentili ospiti!<\/h3>&#13;\n<p>Du\u017eni smo Vas obavijestiti da prema Op\u0107oj uredbi o za\u0161titi podataka GDPR, prilikom rezervacije i dolaska u Va\u0161 smje\u0161tajni objekt pristajete dati na uvid Va\u0161e isprave o identitetu, odnosno osobne podatke (ime i prezime, vrstu i broj identifikacijske isprave, spol, dr\u017eavu i adresu preb1vali\u0161ta i ro\u0111enja) u svrhu evidencije turista u informacijski sustav turisti\u010dkih zajednica RH za prijavu i odjavu turista - eVisitor (Zakon o boravi\u0161noj pristojbi NN 152\/08).<\/p>&#13;\n<p><br\/>Sadr\u017eaj Va\u0161ih osobnih podataka prikuplja se u svrhu statisti\u010dke obrade podataka, te je namijenjen isklju\u010divo turisti\u010dkim zajednicama, javnim ustanovama i ministarstvima koji svojom djelatno\u0161\u0107u doti\u010du ovaj proces (Ministarstvo turizma - Turisti\u010dka inspekcija, Ministarstvo unutarnjih poslova, te Ministarstvo financija - Carinska uprava).<\/p>&#13;\n<p><br\/>Svako neovla\u0161teno kori\u0161tenje, objavljivanje, prerada, obrada, reprodukcija, prikazivanje, preno\u0161enje, distribucija, snimanje ili bilo koji drugi oblik neovla\u0161tene uporabe Va\u0161ih podataka je strogo zabranien. Pritu\u017ebu ili prigovor vezan za obradu Va\u0161ih osobnih podataka mo\u017eete poslati na e-mail:<br\/><a href=\"mailto:info@evisitor.hr\">info@evisitor.hr<\/a> ili <a href=\"mailto:info@htz.hr\">info@htz.hr<\/a> ili predati u Va\u0161oj lokalnoj turisti\u010dkoj zajednici.<\/p>&#13;\n<p><br\/><strong>\u017delimo Vam ugodan boravak!<\/strong><\/p>&#13;\n<h2>Chi siamo<\/h2>&#13;\n&#13;\n<p>L'indirizzo del nostro sito web \u00e8: http:\/\/hotel-minerva.hr.<\/p>&#13;\n&#13;\n<h2 class=\"wp-block-heading\">Quali dati personali raccogliamo e perch\u00e9<\/h2>&#13;\n&#13;\n<h3 class=\"wp-block-heading\">Commenti<\/h3>&#13;\n&#13;\n<p>Quando i visitatori lasciano commenti sul sito, raccogliamo i dati mostrati nel modulo dei commenti, e anche l'indirizzo IP del visitatore e la stringa dello user agent del browser per facilitare il rilevamento dello spam.<\/p>&#13;\n&#13;\n<p>Una stringa anonimizzata creata dal tuo indirizzo email (chiamata anche hash) pu\u00f2 essere fornita al servizio Gravatar per verificare se lo stai utilizzando. L'informativa sulla privacy del servizio Gravatar \u00e8 disponibile qui: https:\/\/automattic.com\/privacy\/. Dopo l'approvazione del tuo commento, la tua immagine del profilo \u00e8 visibile pubblicamente nel contesto del tuo commento.<\/p>&#13;\n&#13;\n<h3 class=\"wp-block-heading\">Media<\/h3>&#13;\n&#13;\n<p>Se carichi immagini sul sito web, dovresti evitare di caricare immagini che contengono dati di localizzazione incorporati (EXIF GPS). I visitatori del sito web possono scaricarle ed estrarre qualsiasi dato di localizzazione dalle immagini del sito web.<\/p>&#13;\n&#13;\n<h3 class=\"wp-block-heading\">Cookie<\/h3>&#13;\n&#13;\n<p>Se lasci un commento sul nostro sito web, puoi scegliere di salvare il tuo nome, indirizzo email e sito web nei cookie. Questo \u00e8 per tua comodit\u00e0, in modo che tu non debba inserire nuovamente queste informazioni quando lasci un altro commento. Questi cookie durano un anno.<\/p>&#13;\n&#13;\n<p>Se hai un account e accedi a questo sito web, imposteremo un cookie temporaneo per determinare se il tuo browser accetta i cookie. Questo cookie non contiene dati personali e viene eliminato quando chiudi il browser.<\/p>&#13;\n&#13;\n<p>Quando effettui l'accesso, imposteremo anche diversi cookie per salvare le tue informazioni di accesso e le tue preferenze di visualizzazione. I cookie di accesso durano due giorni e i cookie delle impostazioni dello schermo durano un anno. Se selezioni \u201cRicordami\u201d, il tuo accesso durer\u00e0 due settimane. Se ti disconnetti dal tuo account, i cookie di accesso verranno rimossi.<\/p>&#13;\n&#13;\n<p>Se modifichi o pubblichi un articolo, un cookie aggiuntivo verr\u00e0 salvato nel tuo browser. Questo cookie non contiene dati personali e indica solo l'ID dell'articolo che hai appena modificato. Il cookie scade dopo 1 giorno.<\/p>&#13;\n&#13;\n<h3 class=\"wp-block-heading\">Contenuto incorporato da altri siti web<\/h3>&#13;\n&#13;\n<p>Gli articoli su questo sito web possono includere contenuti incorporati (ad esempio video, immagini, articoli, ecc.). Il contenuto incorporato da altri siti web si comporta esattamente come se il visitatore avesse visitato l'altro sito web.<\/p>&#13;\n&#13;\n<p>Questi siti web potrebbero raccogliere dati su di te, utilizzare cookie, incorporare un tracciamento aggiuntivo di terze parti e monitorare la tua interazione con tale contenuto incorporato, incluso il tracciamento della tua interazione con il contenuto incorporato se hai un account e hai effettuato l'accesso al sito web.<\/p>&#13;\n&#13;\n<h2 class=\"wp-block-heading\">Per quanto tempo conserviamo i tuoi dati<\/h2>&#13;\n&#13;\n<p>Se lasci un commento, il commento e i suoi metadati vengono conservati a tempo indeterminato. Questo serve per poter riconoscere e approvare automaticamente i commenti futuri, invece di tenerli in coda per l'approvazione.<\/p>&#13;\n&#13;\n<p>Per gli utenti che si registrano sul nostro sito web (se presenti), memorizziamo anche i dati personali che forniscono nei loro profili utente. Tutti gli utenti possono visualizzare, modificare o eliminare i propri dati personali in qualsiasi momento (tranne che non possono cambiare il proprio nome utente). Gli amministratori del sito web possono anche visualizzare e modificare tali informazioni.<\/p>&#13;\n&#13;\n<h2 class=\"wp-block-heading\">Quali diritti hai sui tuoi dati<\/h2>&#13;\n&#13;\n<p>Se hai un account su questo sito web, o hai lasciato commenti, puoi richiedere di ricevere un file esportato dei dati personali che abbiamo su di te, inclusi tutti i dati che ci hai fornito. Puoi anche richiedere la cancellazione di tutti i dati personali che abbiamo su di te. Questo non include i dati che siamo obbligati a conservare per scopi amministrativi, legali o di sicurezza.<\/p>&#13;\n","protected":false},"excerpt":{"rendered":"<p>&#13; GDPR &#13; (Regolamento generale sulla protezione dei dati) &#13; Gentili ospiti! &#13; Du\u017eni smo Vas obavijestiti da prema Op\u0107oj uredbi o za\u0161titi podataka GDPR, prilikom rezervacije i dolaska u Va\u0161 smje\u0161tajni objekt pristajete dati na uvid Va\u0161e isprave o  [...]<\/p>\n","protected":false},"author":4,"featured_media":0,"parent":0,"menu_order":0,"comment_status":"closed","ping_status":"open","template":"","meta":{"footnotes":""},"class_list":["post-2131","page","type-page","status-publish","hentry"],"_links":{"self":[{"href":"https:\/\/hotel-minerva.hr\/it\/wp-json\/wp\/v2\/pages\/2131","targetHints":{"allow":["GET"]}}],"collection":[{"href":"https:\/\/hotel-minerva.hr\/it\/wp-json\/wp\/v2\/pages"}],"about":[{"href":"https:\/\/hotel-minerva.hr\/it\/wp-json\/wp\/v2\/types\/page"}],"author":[{"embeddable":true,"href":"https:\/\/hotel-minerva.hr\/it\/wp-json\/wp\/v2\/users\/4"}],"replies":[{"embeddable":true,"href":"https:\/\/hotel-minerva.hr\/it\/wp-json\/wp\/v2\/comments?post=2131"}],"version-history":[{"count":8,"href":"https:\/\/hotel-minerva.hr\/it\/wp-json\/wp\/v2\/pages\/2131\/revisions"}],"predecessor-version":[{"id":2798,"href":"https:\/\/hotel-minerva.hr\/it\/wp-json\/wp\/v2\/pages\/2131\/revisions\/2798"}],"wp:attachment":[{"href":"https:\/\/hotel-minerva.hr\/it\/wp-json\/wp\/v2\/media?parent=2131"}],"curies":[{"name":"wp","href":"https:\/\/api.w.org\/{rel}","templated":true}]}}