{"id":2794,"date":"2019-04-27T08:45:15","date_gmt":"2019-04-27T06:45:15","guid":{"rendered":"https:\/\/hotel-minerva.hr\/beispielseite\/"},"modified":"2025-07-23T23:31:50","modified_gmt":"2025-07-23T21:31:50","slug":"beispielseite","status":"publish","type":"page","link":"https:\/\/hotel-minerva.hr\/de\/beispielseite\/","title":{"rendered":"Beispielseite"},"content":{"rendered":"\n<p>Dies ist eine Beispielseite. Sie unterscheidet sich von einem Blogbeitrag, da sie immer an derselben Stelle bleibt und im Men\u00fc Ihrer Website angezeigt wird (in den meisten Themes). Die meisten Leute beginnen mit einer \u201e\u00dcber mich\u201c-Seite, die sie potenziellen Website-Besuchern vorstellt. Zum Beispiel k\u00f6nnte sie enthalten:   <\/p>\n\n<blockquote class=\"wp-block-quote is-layout-flow wp-block-quote-is-layout-flow\"><p>Hallo! Ich bin tags\u00fcber Paketzusteller, nachts ein inspirierter Schauspieler, und dies ist meine Website. Ich lebe in Vara\u017edin, habe einen superlieben Hund namens Floki und liebe Pi\u00f1a Coladas. (Und dass ich manchmal ohne Regenschirm in den Regen gerate.)   <\/p><\/blockquote>\n\n<p>...oder so etwas wie das hier:<\/p>\n\n<blockquote class=\"wp-block-quote is-layout-flow wp-block-quote-is-layout-flow\"><p>Die XYZ Doohickey Company wurde 1971 gegr\u00fcndet und bietet der \u00d6ffentlichkeit seitdem hochwertige Doohickeys an. Mit Sitz in Gotham City besch\u00e4ftigt XYZ \u00fcber 2.000 Mitarbeiter und leistet alle Arten von fantastischen Dingen f\u00fcr die Gotham-Gemeinschaft.  <\/p><\/blockquote>\n\n<p>Als neuer WordPress-Benutzer sollten Sie das <a href=\"http:\/\/hotel-minerva.hr\/wp-admin\/\">Dashboard<\/a> besuchen, um diese Seite zu l\u00f6schen und neue Seiten f\u00fcr Ihre Inhalte zu erstellen. Viel Spa\u00df! <\/p>\n","protected":false},"excerpt":{"rendered":"<p>Dies ist eine Beispielseite. Sie unterscheidet sich von einem Blogbeitrag, da sie immer an derselben Stelle bleibt und im Men\u00fc Ihrer Website angezeigt wird (in den meisten Themes). Die meisten Leute beginnen mit einer \u201e\u00dcber mich\u201c-Seite, die sie potenziellen Website-Besuchern  [...]<\/p>\n","protected":false},"author":4,"featured_media":0,"parent":0,"menu_order":0,"comment_status":"closed","ping_status":"open","template":"","meta":{"footnotes":""},"class_list":["post-2794","page","type-page","status-publish","hentry"],"_links":{"self":[{"href":"https:\/\/hotel-minerva.hr\/de\/wp-json\/wp\/v2\/pages\/2794","targetHints":{"allow":["GET"]}}],"collection":[{"href":"https:\/\/hotel-minerva.hr\/de\/wp-json\/wp\/v2\/pages"}],"about":[{"href":"https:\/\/hotel-minerva.hr\/de\/wp-json\/wp\/v2\/types\/page"}],"author":[{"embeddable":true,"href":"https:\/\/hotel-minerva.hr\/de\/wp-json\/wp\/v2\/users\/4"}],"replies":[{"embeddable":true,"href":"https:\/\/hotel-minerva.hr\/de\/wp-json\/wp\/v2\/comments?post=2794"}],"version-history":[{"count":1,"href":"https:\/\/hotel-minerva.hr\/de\/wp-json\/wp\/v2\/pages\/2794\/revisions"}],"predecessor-version":[{"id":2796,"href":"https:\/\/hotel-minerva.hr\/de\/wp-json\/wp\/v2\/pages\/2794\/revisions\/2796"}],"wp:attachment":[{"href":"https:\/\/hotel-minerva.hr\/de\/wp-json\/wp\/v2\/media?parent=2794"}],"curies":[{"name":"wp","href":"https:\/\/api.w.org\/{rel}","templated":true}]}}